{"id":2,"date":"2016-05-10T03:48:21","date_gmt":"2016-05-10T03:48:21","guid":{"rendered":"http:\/\/kib-unna.de\/?page_id=2"},"modified":"2023-07-31T06:54:00","modified_gmt":"2023-07-31T06:54:00","slug":"sample-page","status":"publish","type":"page","link":"http:\/\/www.kib-unna.de\/?page_id=2","title":{"rendered":"Kontakt"},"content":{"rendered":"\n<p><\/p>\n\n\n\n<p>Wenn Sie auf der Suche nach einem kompetenten und zuverl\u00e4ssigen Ingenieurb\u00fcro f\u00fcr Geotechnik, Umwelt und Abbruch sind, stehen wir Ihnen gerne zur Verf\u00fcgung. Kontaktieren Sie uns, um mehr \u00fcber unsere Dienstleistungen zu erfahren und wie wir Ihnen bei Ihren Projekten helfen k\u00f6nnen.<\/p>\n\n\n\n<p>Vertrauen Sie auf die KIB Unna GmbH- Ihrem Experten f\u00fcr Geotechnik, Baugrund, Umwelt und Abbruch!<\/p>\n\n\n\n<p>Viktoriastra\u00dfe 25a<\/p>\n\n\n\n<p>59425 Unna<\/p>\n\n\n\n<p>E-Mail: info (at) kib-unna.de<\/p>\n\n\n\n<p>Tel: 02303 &#8211; 87149-20<\/p>\n\n\n\n<p>Gesch\u00e4ftsf\u00fchrer: Dirk Klusenwirth<br>Handelsregister HRB 9750 Amtsgericht Hamm<\/p>\n","protected":false},"excerpt":{"rendered":"<p>Wenn Sie auf der Suche nach einem kompetenten und zuverl\u00e4ssigen Ingenieurb\u00fcro f\u00fcr Geotechnik, Umwelt und Abbruch sind, stehen wir Ihnen gerne zur Verf\u00fcgung. Kontaktieren Sie uns, um mehr \u00fcber unsere Dienstleistungen zu erfahren und wie wir Ihnen bei Ihren Projekten helfen k\u00f6nnen. Vertrauen Sie auf die KIB Unna GmbH- Ihrem Experten f\u00fcr Geotechnik, Baugrund, Umwelt &hellip;<\/p>\n<p class=\"read-more\"> <a class=\"\" href=\"http:\/\/www.kib-unna.de\/?page_id=2\"> <span class=\"screen-reader-text\">Kontakt<\/span> Weiterlesen &raquo;<\/a><\/p>\n","protected":false},"author":1,"featured_media":0,"parent":0,"menu_order":0,"comment_status":"closed","ping_status":"open","template":"","meta":{"site-sidebar-layout":"","site-content-layout":"","ast-main-header-display":"","ast-hfb-above-header-display":"","ast-hfb-below-header-display":"","ast-hfb-mobile-header-display":"","site-post-title":"","ast-breadcrumbs-content":"","ast-featured-img":"","footer-sml-layout":"","theme-transparent-header-meta":"","adv-header-id-meta":"","stick-header-meta":"","header-above-stick-meta":"","header-main-stick-meta":"","header-below-stick-meta":""},"_links":{"self":[{"href":"http:\/\/www.kib-unna.de\/index.php?rest_route=\/wp\/v2\/pages\/2"}],"collection":[{"href":"http:\/\/www.kib-unna.de\/index.php?rest_route=\/wp\/v2\/pages"}],"about":[{"href":"http:\/\/www.kib-unna.de\/index.php?rest_route=\/wp\/v2\/types\/page"}],"author":[{"embeddable":true,"href":"http:\/\/www.kib-unna.de\/index.php?rest_route=\/wp\/v2\/users\/1"}],"replies":[{"embeddable":true,"href":"http:\/\/www.kib-unna.de\/index.php?rest_route=%2Fwp%2Fv2%2Fcomments&post=2"}],"version-history":[{"count":10,"href":"http:\/\/www.kib-unna.de\/index.php?rest_route=\/wp\/v2\/pages\/2\/revisions"}],"predecessor-version":[{"id":109,"href":"http:\/\/www.kib-unna.de\/index.php?rest_route=\/wp\/v2\/pages\/2\/revisions\/109"}],"wp:attachment":[{"href":"http:\/\/www.kib-unna.de\/index.php?rest_route=%2Fwp%2Fv2%2Fmedia&parent=2"}],"curies":[{"name":"wp","href":"https:\/\/api.w.org\/{rel}","templated":true}]}}